{"id":830,"date":"2016-04-25T16:23:01","date_gmt":"2016-04-25T16:23:01","guid":{"rendered":"http:\/\/industry.saturnthemes.com\/?page_id=830"},"modified":"2022-09-14T14:03:49","modified_gmt":"2022-09-14T14:03:49","slug":"about-us","status":"publish","type":"page","link":"http:\/\/www.oleosursa.com\/2019\/index.php\/about-us\/","title":{"rendered":"Nosotros"},"content":{"rendered":"<p>[vc_row css=&#8221;.vc_custom_1461605744568{margin-bottom: 80px !important;}&#8221;][vc_column width=&#8221;1\/2&#8243;][vc_single_image image=&#8221;1796&#8243; img_size=&#8221;full&#8221; alignment=&#8221;center&#8221; css_animation=&#8221;left-to-right&#8221; css=&#8221;.vc_custom_1548771041953{margin-bottom: 0px !important;}&#8221;][\/vc_column][vc_column width=&#8221;1\/2&#8243;][vc_custom_heading text=&#8221;Nacida en la Patagonia para crecer en el mundo&#8221; font_container=&#8221;tag:h2|font_size:30px|text_align:left&#8221; use_theme_fonts=&#8221;yes&#8221; font_weight=&#8221;700&#8243; text_transform=&#8221;uppercase&#8221; sub_heading_character_color=&#8221;rgba(0,0,0,0.4)&#8221;][vc_empty_space height=&#8221;10px&#8221;][vc_column_text]Somos una empresa con m\u00e1s de 40 a\u00f1os de experiencia en los principales yacimientos de la cuenca del Golfo San Jorge, OLEOSUR S.A se compromete a la Mejora Continua del desempe\u00f1o de sus procesos con un excelente nivel de calidad y servicio, que asegure el cumplimiento de las expectativas especificaciones y\/o normas.<\/p>\n<p>Nuestras actividades\u00a0 y servicios se encuentran integrados en nuestro sistema de gesti\u00f3n, que esta certificado bajo\u00a0las pol\u00edticas de Gesti\u00f3n Integrada, las pol\u00edticas de Alcohol y Drogas, las Pol\u00edticas de Conducci\u00f3n vehicular y las Pol\u00edticas de Suspensi\u00f3n de Tareas.<\/p>\n<p>Brindamos servicios y operaciones acordes a nuestra misi\u00f3n, visi\u00f3n y objetivos, estableciendo los controles y procedimientos operativos necesarios para lograrlo.<\/p>\n<p>Asimismo, cumplimos con las leyes y reglamentaciones aplicables a calidad, medio ambiente, salud ocupacional y seguridad donde las hubiere y cumplimos con las mejores practicas de la industria.[\/vc_column_text][saturnthemes_industry_icon_button icon_fontawesome=&#8221;fa fa-share&#8221; btn_size=&#8221;btn-normal-size&#8221; link=&#8221;url:http%3A%2F%2Foleosursa.com\/2019%2Findex.php%2Fcontact-us%2F|title:Contacto||&#8221;][\/vc_column][\/vc_row][vc_row full_width=&#8221;stretch_row&#8221; content_placement=&#8221;middle&#8221; parallax=&#8221;content-moving-fade&#8221; parallax_image=&#8221;865&#8243; parallax_speed_bg=&#8221;3.5&#8243; css=&#8221;.vc_custom_1461606601272{padding-top: 77px !important;padding-bottom: 105px !important;}&#8221;][vc_column width=&#8221;1\/12&#8243;][\/vc_column][vc_column width=&#8221;5\/6&#8243; css=&#8221;.vc_custom_1461606376803{padding-right: 30px !important;padding-left: 30px !important;}&#8221;][vc_custom_heading text=&#8221;Innovation Solutions&#8221; font_container=&#8221;tag:h2|text_align:center|color:%23ffffff|line_height:1.6&#8243; use_theme_fonts=&#8221;yes&#8221; font_weight=&#8221;400&#8243; text_transform=&#8221;none&#8221; sub_heading_character_color=&#8221;rgba(0,0,0,0.4)&#8221;][vc_empty_space height=&#8221;20px&#8221;][\/vc_column][vc_column width=&#8221;1\/12&#8243;][\/vc_column][\/vc_row][vc_row css=&#8221;.vc_custom_1461607094126{padding-top: 45px !important;padding-bottom: 10px !important;}&#8221;][vc_column][vc_custom_heading text=&#8221;Misi\u00f3n: &#8221; font_container=&#8221;tag:h2|font_size:30px|text_align:left|line_height:0.8&#8243; use_theme_fonts=&#8221;yes&#8221; font_weight=&#8221;700&#8243; text_transform=&#8221;uppercase&#8221; heading_style=&#8221;heading&#8221; sub_heading_character_color=&#8221;rgba(0,0,0,0.4)&#8221;][vc_column_text]Ser una empresa destacada de servicios petroleros, adecu\u00e1ndonos a las exigencias que imponen los mercados nacionales e internacionales, con el objetivo de reafirmar nuestro liderazgo en servicios petroleros.[\/vc_column_text][vc_custom_heading text=&#8221;Objetivos: &#8221; font_container=&#8221;tag:h2|font_size:30px|text_align:left|line_height:0.8&#8243; use_theme_fonts=&#8221;yes&#8221; font_weight=&#8221;700&#8243; text_transform=&#8221;uppercase&#8221; heading_style=&#8221;heading&#8221; sub_heading_character_color=&#8221;rgba(0,0,0,0.4)&#8221;][vc_column_text]Incursionar en m\u00e1s mercados ampliando las posibilidades laborales, amparados por el valor indiscutible de nuestra empresa.[\/vc_column_text][vc_custom_heading text=&#8221;Visi\u00f3n estrat\u00e9gica:&#8221; font_container=&#8221;tag:h2|font_size:30px|text_align:left|line_height:0.8&#8243; use_theme_fonts=&#8221;yes&#8221; font_weight=&#8221;700&#8243; text_transform=&#8221;uppercase&#8221; heading_style=&#8221;heading&#8221; sub_heading_character_color=&#8221;rgba(0,0,0,0.4)&#8221;][vc_column_text]Ser percibidos como una empresa de servicios que satisfaga plenamente a nuestros clientes y partes interesadas ofreciendo calidad de servicios, un sistema de gesti\u00f3n que permita respuestas r\u00e1pidas y efectivas a los requerimientos, y una moderna infraestructura con equipos y herramientas acordes a las expectativas de nuestros clientes.[\/vc_column_text][vc_custom_heading text=&#8221;Compromiso: &#8221; font_container=&#8221;tag:h2|font_size:30px|text_align:left|line_height:0.8&#8243; use_theme_fonts=&#8221;yes&#8221; font_weight=&#8221;700&#8243; text_transform=&#8221;uppercase&#8221; heading_style=&#8221;heading&#8221; sub_heading_character_color=&#8221;rgba(0,0,0,0.4)&#8221;][vc_column_text]Garantizar a los clientes la mejor calidad en la prestaci\u00f3n de los servicios,e invertir continuamente en el perfeccionamiento de sus actividades y de sus colaboradores.[\/vc_column_text][\/vc_column][\/vc_row]<\/p>\n","protected":false},"excerpt":{"rendered":"<p>[vc_row css=&#8221;.vc_custom_1461605744568{margin-bottom: 80px !important;}&#8221;][vc_column width=&#8221;1\/2&#8243;][vc_single_image image=&#8221;1796&#8243; img_size=&#8221;full&#8221; alignment=&#8221;center&#8221; css_animation=&#8221;left-to-right&#8221; css=&#8221;.vc_custom_1548771041953{margin-bottom: 0px !important;}&#8221;][\/vc_column][vc_column width=&#8221;1\/2&#8243;][vc_custom_heading text=&#8221;Nacida en la Patagonia para crecer en el mundo&#8221; font_container=&#8221;tag:h2|font_size:30px|text_align:left&#8221; use_theme_fonts=&#8221;yes&#8221; font_weight=&#8221;700&#8243; text_transform=&#8221;uppercase&#8221; sub_heading_character_color=&#8221;rgba(0,0,0,0.4)&#8221;][vc_empty_space height=&#8221;10px&#8221;][vc_column_text]Somos una empresa con m\u00e1s de 40 a\u00f1os de experiencia en los principales yacimientos de la cuenca del Golfo San Jorge, OLEOSUR S.A se compromete a la Mejora Continua del desempe\u00f1o de sus procesos con un excelente nivel de calidad y servicio, que asegure el cumplimiento de las expectativas especificaciones y\/o normas. Nuestras actividades\u00a0 y servicios se encuentran integrados en nuestro sistema de gesti\u00f3n, que esta certificado bajo\u00a0las pol\u00edticas de Gesti\u00f3n Integrada, las pol\u00edticas de Alcohol y Drogas, las Pol\u00edticas de Conducci\u00f3n vehicular y las Pol\u00edticas de Suspensi\u00f3n de Tareas. Brindamos servicios y operaciones acordes a nuestra misi\u00f3n, visi\u00f3n y objetivos, estableciendo los controles y procedimientos operativos necesarios para lograrlo. Asimismo, cumplimos con las leyes y reglamentaciones aplicables a calidad, medio ambiente, salud ocupacional y seguridad donde las hubiere y cumplimos con las mejores practicas de la industria.[\/vc_column_text][saturnthemes_industry_icon_button icon_fontawesome=&#8221;fa fa-share&#8221; btn_size=&#8221;btn-normal-size&#8221; link=&#8221;url:http%3A%2F%2Foleosursa.com\/2019%2Findex.php%2Fcontact-us%2F|title:Contacto||&#8221;][\/vc_column][\/vc_row][vc_row full_width=&#8221;stretch_row&#8221; content_placement=&#8221;middle&#8221; parallax=&#8221;content-moving-fade&#8221; parallax_image=&#8221;865&#8243; parallax_speed_bg=&#8221;3.5&#8243; css=&#8221;.vc_custom_1461606601272{padding-top: 77px !important;padding-bottom: 105px !important;}&#8221;][vc_column width=&#8221;1\/12&#8243;][\/vc_column][vc_column width=&#8221;5\/6&#8243; css=&#8221;.vc_custom_1461606376803{padding-right: 30px !important;padding-left: 30px !important;}&#8221;][vc_custom_heading text=&#8221;Innovation Solutions&#8221; font_container=&#8221;tag:h2|text_align:center|color:%23ffffff|line_height:1.6&#8243; use_theme_fonts=&#8221;yes&#8221; font_weight=&#8221;400&#8243; text_transform=&#8221;none&#8221; sub_heading_character_color=&#8221;rgba(0,0,0,0.4)&#8221;][vc_empty_space height=&#8221;20px&#8221;][\/vc_column][vc_column width=&#8221;1\/12&#8243;][\/vc_column][\/vc_row][vc_row css=&#8221;.vc_custom_1461607094126{padding-top: 45px !important;padding-bottom: 10px !important;}&#8221;][vc_column][vc_custom_heading [&hellip;]<\/p>\n","protected":false},"author":2,"featured_media":0,"parent":0,"menu_order":0,"comment_status":"closed","ping_status":"closed","template":"","meta":{"footnotes":""},"class_list":["post-830","page","type-page","status-publish","hentry"],"_links":{"self":[{"href":"http:\/\/www.oleosursa.com\/2019\/index.php\/wp-json\/wp\/v2\/pages\/830","targetHints":{"allow":["GET"]}}],"collection":[{"href":"http:\/\/www.oleosursa.com\/2019\/index.php\/wp-json\/wp\/v2\/pages"}],"about":[{"href":"http:\/\/www.oleosursa.com\/2019\/index.php\/wp-json\/wp\/v2\/types\/page"}],"author":[{"embeddable":true,"href":"http:\/\/www.oleosursa.com\/2019\/index.php\/wp-json\/wp\/v2\/users\/2"}],"replies":[{"embeddable":true,"href":"http:\/\/www.oleosursa.com\/2019\/index.php\/wp-json\/wp\/v2\/comments?post=830"}],"version-history":[{"count":10,"href":"http:\/\/www.oleosursa.com\/2019\/index.php\/wp-json\/wp\/v2\/pages\/830\/revisions"}],"predecessor-version":[{"id":1844,"href":"http:\/\/www.oleosursa.com\/2019\/index.php\/wp-json\/wp\/v2\/pages\/830\/revisions\/1844"}],"wp:attachment":[{"href":"http:\/\/www.oleosursa.com\/2019\/index.php\/wp-json\/wp\/v2\/media?parent=830"}],"curies":[{"name":"wp","href":"https:\/\/api.w.org\/{rel}","templated":true}]}}